{"id":752,"date":"2025-11-12T22:38:42","date_gmt":"2025-11-12T22:38:42","guid":{"rendered":"https:\/\/aga-polaris.es\/?page_id=752"},"modified":"2026-02-16T21:07:25","modified_gmt":"2026-02-16T21:07:25","slug":"fotografias-premiadas","status":"publish","type":"page","link":"https:\/\/aga-polaris.es\/index.php\/fotografias-premiadas\/","title":{"rendered":"FOTOGRAF\u00cdAS PREMIADAS"},"content":{"rendered":"\n<p class=\"has-small-font-size\">Las fotograf\u00edas que encontrar\u00e1s aqu\u00ed han sido reconocidas con un <strong>APOD (Astronomy Picture of the Day)<\/strong>, un reconocimiento que celebra las mejores im\u00e1genes astron\u00f3micas compartidas cada d\u00eda en distintas plataformas o premiadas en concursos y selecciones de organismos astron\u00f3micos<strong> <\/strong>de todo el mundo.<br>Tener un APOD significa que una imagen ha destacado entre miles por su <strong>belleza, t\u00e9cnica y valor divulgativo<\/strong>, mostrando el universo de una forma que inspira tanto a aficionados como a profesionales.<\/p>\n\n\n\n<p class=\"has-small-font-size\">Para la comunidad astrofotogr\u00e1fica, este tipo de distinciones representan un homenaje al trabajo paciente y apasionado de quienes dedican noches enteras a capturar la magia del cielo.<\/p>\n\n\n\n<p class=\"has-small-font-size\">Ya sea por formar parte de un calendario oficial, ganar un certamen o aparecer como imagen astron\u00f3mica del d\u00eda, cada una de estas fotograf\u00edas refleja el <strong>esfuerzo, la pasi\u00f3n y la dedicaci\u00f3n<\/strong> de quienes miran al cielo para capturar su magia y compartirla con todos.<br><\/p>\n\n\n\n<figure class=\"wp-block-gallery has-nested-images columns-default is-cropped wp-block-gallery-1 is-layout-flex wp-block-gallery-is-layout-flex\">\n<figure class=\"wp-block-image size-full is-style-default\"><a href=\"https:\/\/aga-polaris.es\/wp-content\/uploads\/2025\/11\/IC63-REDES-scaled.jpg\"><img loading=\"lazy\" decoding=\"async\" width=\"2560\" height=\"1686\" data-id=\"776\" src=\"https:\/\/aga-polaris.es\/wp-content\/uploads\/2025\/11\/IC63-REDES-scaled.jpg\" alt=\"\" class=\"wp-image-776\" srcset=\"https:\/\/aga-polaris.es\/wp-content\/uploads\/2025\/11\/IC63-REDES-scaled.jpg 2560w, https:\/\/aga-polaris.es\/wp-content\/uploads\/2025\/11\/IC63-REDES-300x198.jpg 300w, https:\/\/aga-polaris.es\/wp-content\/uploads\/2025\/11\/IC63-REDES-1024x674.jpg 1024w, https:\/\/aga-polaris.es\/wp-content\/uploads\/2025\/11\/IC63-REDES-768x506.jpg 768w, https:\/\/aga-polaris.es\/wp-content\/uploads\/2025\/11\/IC63-REDES-1536x1012.jpg 1536w, https:\/\/aga-polaris.es\/wp-content\/uploads\/2025\/11\/IC63-REDES-2048x1349.jpg 2048w\" sizes=\"auto, (max-width: 2560px) 100vw, 2560px\" \/><\/a><figcaption class=\"wp-element-caption\">Fantasma de Casiopea por @jro_rm<\/figcaption><\/figure>\n<\/figure>\n\n\n\n<div class=\"wp-block-columns is-layout-flex wp-container-core-columns-is-layout-28f84493 wp-block-columns-is-layout-flex\">\n<div class=\"wp-block-column is-layout-flow wp-block-column-is-layout-flow\">\n<div class=\"wp-block-columns is-layout-flex wp-container-core-columns-is-layout-28f84493 wp-block-columns-is-layout-flex\">\n<div class=\"wp-block-column has-small-font-size is-layout-flow wp-block-column-is-layout-flow\" style=\"flex-basis:33.33%\">\n<p>Apod NASA del 31 de Octubre de 2025 para esta imagen del Fantasma de Casiopea (IC59, IC63) <\/p>\n<\/div>\n\n\n\n<div class=\"wp-block-column is-layout-flow wp-block-column-is-layout-flow\" style=\"flex-basis:66.66%\">\n<figure class=\"wp-block-image size-large\"><a href=\"https:\/\/aga-polaris.es\/wp-content\/uploads\/2025\/11\/APOD_-2025-October-31-Ghosts-in-Cassiopeia_Pagina_1.jpg\"><img loading=\"lazy\" decoding=\"async\" width=\"724\" height=\"1024\" src=\"https:\/\/aga-polaris.es\/wp-content\/uploads\/2025\/11\/APOD_-2025-October-31-Ghosts-in-Cassiopeia_Pagina_1-724x1024.jpg\" alt=\"\" class=\"wp-image-753\" style=\"aspect-ratio:4\/3;object-fit:cover\" srcset=\"https:\/\/aga-polaris.es\/wp-content\/uploads\/2025\/11\/APOD_-2025-October-31-Ghosts-in-Cassiopeia_Pagina_1-724x1024.jpg 724w, https:\/\/aga-polaris.es\/wp-content\/uploads\/2025\/11\/APOD_-2025-October-31-Ghosts-in-Cassiopeia_Pagina_1-212x300.jpg 212w, https:\/\/aga-polaris.es\/wp-content\/uploads\/2025\/11\/APOD_-2025-October-31-Ghosts-in-Cassiopeia_Pagina_1-768x1086.jpg 768w, https:\/\/aga-polaris.es\/wp-content\/uploads\/2025\/11\/APOD_-2025-October-31-Ghosts-in-Cassiopeia_Pagina_1-1086x1536.jpg 1086w, https:\/\/aga-polaris.es\/wp-content\/uploads\/2025\/11\/APOD_-2025-October-31-Ghosts-in-Cassiopeia_Pagina_1.jpg 1199w\" sizes=\"auto, (max-width: 724px) 100vw, 724px\" \/><\/a><\/figure>\n<\/div>\n<\/div>\n<\/div>\n<\/div>\n\n\n\n<div class=\"wp-block-columns is-layout-flex wp-container-core-columns-is-layout-28f84493 wp-block-columns-is-layout-flex\">\n<div class=\"wp-block-column is-layout-flow wp-block-column-is-layout-flow\" style=\"flex-basis:33.33%\">\n<p class=\"has-small-font-size\">Esta fotograf\u00eda de M16 fue seleccionada por la revista Astronom\u00eda en el n\u00ba 316 de Octubre de 2025 y tambi\u00e9n ha sido escogida para formar parte del calendario de Ceos Galelgos de 2026.<\/p>\n<\/div>\n\n\n\n<div class=\"wp-block-column is-layout-flow wp-block-column-is-layout-flow\" style=\"flex-basis:66.66%\">\n<figure class=\"wp-block-gallery has-nested-images columns-default is-cropped wp-block-gallery-2 is-layout-flex wp-block-gallery-is-layout-flex\">\n<figure class=\"wp-block-image size-full\"><a href=\"https:\/\/aga-polaris.es\/wp-content\/uploads\/2025\/11\/M16-firma-jpeg-scaled.jpg\"><img loading=\"lazy\" decoding=\"async\" width=\"2560\" height=\"1616\" data-id=\"779\" src=\"https:\/\/aga-polaris.es\/wp-content\/uploads\/2025\/11\/M16-firma-jpeg-scaled.jpg\" alt=\"\" class=\"wp-image-779\" srcset=\"https:\/\/aga-polaris.es\/wp-content\/uploads\/2025\/11\/M16-firma-jpeg-scaled.jpg 2560w, https:\/\/aga-polaris.es\/wp-content\/uploads\/2025\/11\/M16-firma-jpeg-300x189.jpg 300w, https:\/\/aga-polaris.es\/wp-content\/uploads\/2025\/11\/M16-firma-jpeg-1024x646.jpg 1024w, https:\/\/aga-polaris.es\/wp-content\/uploads\/2025\/11\/M16-firma-jpeg-768x485.jpg 768w, https:\/\/aga-polaris.es\/wp-content\/uploads\/2025\/11\/M16-firma-jpeg-1536x970.jpg 1536w, https:\/\/aga-polaris.es\/wp-content\/uploads\/2025\/11\/M16-firma-jpeg-2048x1293.jpg 2048w\" sizes=\"auto, (max-width: 2560px) 100vw, 2560px\" \/><\/a><figcaption class=\"wp-element-caption\">M16 por @labrega-cosmica<\/figcaption><\/figure>\n<\/figure>\n<\/div>\n<\/div>\n\n\n\n<div class=\"wp-block-columns is-layout-flex wp-container-core-columns-is-layout-28f84493 wp-block-columns-is-layout-flex\">\n<div class=\"wp-block-column is-layout-flow wp-block-column-is-layout-flow\" style=\"flex-basis:33.33%\">\n<p class=\"has-small-font-size\">LDN1295- Nebulosa de la Jirafa, seleccionada por APOD2 como foto del d\u00eda el 8 de septiembre de 2025<\/p>\n\n\n\n<p class=\"has-small-font-size\"><a href=\"https:\/\/www.aapod2.com\/blog\/ldn-1295-dark-nebula-cepheus\">https:\/\/www.aapod2.com\/blog\/ldn-1295-dark-nebula-cepheus<\/a><\/p>\n<\/div>\n\n\n\n<div class=\"wp-block-column is-layout-flow wp-block-column-is-layout-flow\" style=\"flex-basis:66.66%\">\n<figure class=\"wp-block-gallery has-nested-images columns-default is-cropped wp-block-gallery-3 is-layout-flex wp-block-gallery-is-layout-flex\">\n<figure class=\"wp-block-image size-full\"><a href=\"https:\/\/aga-polaris.es\/wp-content\/uploads\/2025\/11\/apod-LDN-1295-scaled-2.jpg\"><img loading=\"lazy\" decoding=\"async\" width=\"2560\" height=\"1671\" data-id=\"781\" src=\"https:\/\/aga-polaris.es\/wp-content\/uploads\/2025\/11\/apod-LDN-1295-scaled-2.jpg\" alt=\"\" class=\"wp-image-781\" srcset=\"https:\/\/aga-polaris.es\/wp-content\/uploads\/2025\/11\/apod-LDN-1295-scaled-2.jpg 2560w, https:\/\/aga-polaris.es\/wp-content\/uploads\/2025\/11\/apod-LDN-1295-scaled-2-300x196.jpg 300w, https:\/\/aga-polaris.es\/wp-content\/uploads\/2025\/11\/apod-LDN-1295-scaled-2-1024x668.jpg 1024w, https:\/\/aga-polaris.es\/wp-content\/uploads\/2025\/11\/apod-LDN-1295-scaled-2-768x501.jpg 768w, https:\/\/aga-polaris.es\/wp-content\/uploads\/2025\/11\/apod-LDN-1295-scaled-2-1536x1003.jpg 1536w, https:\/\/aga-polaris.es\/wp-content\/uploads\/2025\/11\/apod-LDN-1295-scaled-2-2048x1337.jpg 2048w\" sizes=\"auto, (max-width: 2560px) 100vw, 2560px\" \/><\/a><figcaption class=\"wp-element-caption\">LDN1295 por @jro_rm<\/figcaption><\/figure>\n<\/figure>\n<\/div>\n<\/div>\n\n\n\n<div class=\"wp-block-columns is-layout-flex wp-container-core-columns-is-layout-28f84493 wp-block-columns-is-layout-flex\">\n<div class=\"wp-block-column is-layout-flow wp-block-column-is-layout-flow\" style=\"flex-basis:33.33%\">\n<p class=\"has-small-font-size\">Seleccionada como 2\u00ba premio en el concurso de Astrofotograf\u00eda de Astrociutat (organizado por la Ciudad de las Artes y las Ciencias de Valencia) y tambi\u00e9n seleccionada para formar parte del calendario de 2026 de la Federaci\u00f3n de Asociaciones Astron\u00f3micas (FAAE)<\/p>\n<\/div>\n\n\n\n<div class=\"wp-block-column is-layout-flow wp-block-column-is-layout-flow\" style=\"flex-basis:66.66%\">\n<figure class=\"wp-block-gallery has-nested-images columns-default is-cropped wp-block-gallery-4 is-layout-flex wp-block-gallery-is-layout-flex\">\n<figure class=\"wp-block-image size-full\"><a href=\"https:\/\/aga-polaris.es\/wp-content\/uploads\/2025\/11\/M81-82.-para-apod-1.jpg\"><img loading=\"lazy\" decoding=\"async\" width=\"1500\" height=\"959\" data-id=\"820\" src=\"https:\/\/aga-polaris.es\/wp-content\/uploads\/2025\/11\/M81-82.-para-apod-1.jpg\" alt=\"\" class=\"wp-image-820\" srcset=\"https:\/\/aga-polaris.es\/wp-content\/uploads\/2025\/11\/M81-82.-para-apod-1.jpg 1500w, https:\/\/aga-polaris.es\/wp-content\/uploads\/2025\/11\/M81-82.-para-apod-1-300x192.jpg 300w, https:\/\/aga-polaris.es\/wp-content\/uploads\/2025\/11\/M81-82.-para-apod-1-1024x655.jpg 1024w, https:\/\/aga-polaris.es\/wp-content\/uploads\/2025\/11\/M81-82.-para-apod-1-768x491.jpg 768w\" sizes=\"auto, (max-width: 1500px) 100vw, 1500px\" \/><\/a><figcaption class=\"wp-element-caption\">Galaxia de Bode (M81) y Galaxia del Cigarro (M82)<\/figcaption><\/figure>\n<\/figure>\n<\/div>\n<\/div>\n\n\n\n<div class=\"wp-block-columns is-layout-flex wp-container-core-columns-is-layout-28f84493 wp-block-columns-is-layout-flex\">\n<div class=\"wp-block-column is-layout-flow wp-block-column-is-layout-flow\" style=\"flex-basis:33.33%\">\n<p>Fotograf\u00eda de M78 en Ori\u00f3n, seleccionada por Apod Brazil el d\u00eda 15 de Junio de 2025.<\/p>\n\n\n\n<p><a href=\"https:\/\/www.apodbrazil.com\/gallery\/379\">https:\/\/www.apodbrazil.com\/gallery\/379<\/a><\/p>\n<\/div>\n\n\n\n<div class=\"wp-block-column is-layout-flow wp-block-column-is-layout-flow\" style=\"flex-basis:66.66%\">\n<figure class=\"wp-block-gallery has-nested-images columns-default is-cropped wp-block-gallery-5 is-layout-flex wp-block-gallery-is-layout-flex\">\n<figure class=\"wp-block-image size-full\"><a href=\"https:\/\/aga-polaris.es\/wp-content\/uploads\/2025\/11\/B3235D10-ADE5-43EE-98C9-348119D910F0.jpeg\"><img loading=\"lazy\" decoding=\"async\" width=\"1600\" height=\"1600\" data-id=\"808\" src=\"https:\/\/aga-polaris.es\/wp-content\/uploads\/2025\/11\/B3235D10-ADE5-43EE-98C9-348119D910F0.jpeg\" alt=\"\" class=\"wp-image-808\" srcset=\"https:\/\/aga-polaris.es\/wp-content\/uploads\/2025\/11\/B3235D10-ADE5-43EE-98C9-348119D910F0.jpeg 1600w, https:\/\/aga-polaris.es\/wp-content\/uploads\/2025\/11\/B3235D10-ADE5-43EE-98C9-348119D910F0-300x300.jpeg 300w, https:\/\/aga-polaris.es\/wp-content\/uploads\/2025\/11\/B3235D10-ADE5-43EE-98C9-348119D910F0-1024x1024.jpeg 1024w, https:\/\/aga-polaris.es\/wp-content\/uploads\/2025\/11\/B3235D10-ADE5-43EE-98C9-348119D910F0-150x150.jpeg 150w, https:\/\/aga-polaris.es\/wp-content\/uploads\/2025\/11\/B3235D10-ADE5-43EE-98C9-348119D910F0-768x768.jpeg 768w, https:\/\/aga-polaris.es\/wp-content\/uploads\/2025\/11\/B3235D10-ADE5-43EE-98C9-348119D910F0-1536x1536.jpeg 1536w, https:\/\/aga-polaris.es\/wp-content\/uploads\/2025\/11\/B3235D10-ADE5-43EE-98C9-348119D910F0-640x640.jpeg 640w, https:\/\/aga-polaris.es\/wp-content\/uploads\/2025\/11\/B3235D10-ADE5-43EE-98C9-348119D910F0-50x50.jpeg 50w\" sizes=\"auto, (max-width: 1600px) 100vw, 1600px\" \/><\/a><figcaption class=\"wp-element-caption\">M78 por @naxobs_nomada_sideral<\/figcaption><\/figure>\n<\/figure>\n<\/div>\n<\/div>\n\n\n\n<div class=\"wp-block-columns is-layout-flex wp-container-core-columns-is-layout-28f84493 wp-block-columns-is-layout-flex\">\n<div class=\"wp-block-column is-layout-flow wp-block-column-is-layout-flow\" style=\"flex-basis:33.33%\">\n<p>Fotograf\u00eda escogida como Top Pick en Astrobin realizada en conjunto con 36 horas de integraci\u00f3n.<\/p>\n\n\n\n<p><a href=\"https:\/\/app.astrobin.com\/u\/Jandro.rm?i=2zjn6o#gallery\">https:\/\/app.astrobin.com\/u\/Jandro.rm?i=2zjn6o#gallery<\/a><\/p>\n<\/div>\n\n\n\n<div class=\"wp-block-column is-layout-flow wp-block-column-is-layout-flow\" style=\"flex-basis:66.66%\">\n<figure class=\"wp-block-gallery has-nested-images columns-default is-cropped wp-block-gallery-6 is-layout-flex wp-block-gallery-is-layout-flex\">\n<figure class=\"wp-block-image size-full\"><a href=\"https:\/\/aga-polaris.es\/wp-content\/uploads\/2024\/12\/final-3-2.png\"><img loading=\"lazy\" decoding=\"async\" width=\"4703\" height=\"3005\" data-id=\"318\" src=\"https:\/\/aga-polaris.es\/wp-content\/uploads\/2024\/12\/final-3-2.png\" alt=\"\" class=\"wp-image-318\" srcset=\"https:\/\/aga-polaris.es\/wp-content\/uploads\/2024\/12\/final-3-2.png 4703w, https:\/\/aga-polaris.es\/wp-content\/uploads\/2024\/12\/final-3-2-300x192.png 300w, https:\/\/aga-polaris.es\/wp-content\/uploads\/2024\/12\/final-3-2-1024x654.png 1024w, https:\/\/aga-polaris.es\/wp-content\/uploads\/2024\/12\/final-3-2-768x491.png 768w, https:\/\/aga-polaris.es\/wp-content\/uploads\/2024\/12\/final-3-2-1536x981.png 1536w, https:\/\/aga-polaris.es\/wp-content\/uploads\/2024\/12\/final-3-2-2048x1309.png 2048w\" sizes=\"auto, (max-width: 4703px) 100vw, 4703px\" \/><\/a><figcaption class=\"wp-element-caption\">LBN531 por @manu_2910 @jro_rm y @labrega-cosmica<\/figcaption><\/figure>\n<\/figure>\n<\/div>\n<\/div>\n\n\n\n<div class=\"wp-block-columns is-layout-flex wp-container-core-columns-is-layout-28f84493 wp-block-columns-is-layout-flex\">\n<div class=\"wp-block-column is-layout-flow wp-block-column-is-layout-flow\" style=\"flex-basis:33.33%\">\n<p>Nebulosa del Velo, seleccionada por Apod Brazil el 5 de Octubre de 2024<\/p>\n\n\n\n<p><a href=\"https:\/\/www.apodbrazil.com\/gallery\/127\">https:\/\/www.apodbrazil.com\/gallery\/127<\/a><\/p>\n<\/div>\n\n\n\n<div class=\"wp-block-column is-layout-flow wp-block-column-is-layout-flow\" style=\"flex-basis:66.66%\">\n<figure class=\"wp-block-gallery has-nested-images columns-default is-cropped wp-block-gallery-7 is-layout-flex wp-block-gallery-is-layout-flex\">\n<figure class=\"wp-block-image size-full\"><a href=\"https:\/\/aga-polaris.es\/wp-content\/uploads\/2024\/12\/ngc6960pngPX.png\"><img loading=\"lazy\" decoding=\"async\" width=\"5352\" height=\"3584\" data-id=\"247\" src=\"https:\/\/aga-polaris.es\/wp-content\/uploads\/2024\/12\/ngc6960pngPX.png\" alt=\"\" class=\"wp-image-247\" srcset=\"https:\/\/aga-polaris.es\/wp-content\/uploads\/2024\/12\/ngc6960pngPX.png 5352w, https:\/\/aga-polaris.es\/wp-content\/uploads\/2024\/12\/ngc6960pngPX-300x201.png 300w, https:\/\/aga-polaris.es\/wp-content\/uploads\/2024\/12\/ngc6960pngPX-1024x686.png 1024w, https:\/\/aga-polaris.es\/wp-content\/uploads\/2024\/12\/ngc6960pngPX-768x514.png 768w, https:\/\/aga-polaris.es\/wp-content\/uploads\/2024\/12\/ngc6960pngPX-1536x1029.png 1536w, https:\/\/aga-polaris.es\/wp-content\/uploads\/2024\/12\/ngc6960pngPX-2048x1371.png 2048w\" sizes=\"auto, (max-width: 5352px) 100vw, 5352px\" \/><\/a><figcaption class=\"wp-element-caption\">NGC6960 por @labrega-cosmica<\/figcaption><\/figure>\n<\/figure>\n<\/div>\n<\/div>\n\n\n\n<div class=\"wp-block-columns is-layout-flex wp-container-core-columns-is-layout-28f84493 wp-block-columns-is-layout-flex\">\n<div class=\"wp-block-column is-layout-flow wp-block-column-is-layout-flow\" style=\"flex-basis:33.33%\">\n<p>Foto seleccionada por la revista Astronom\u00eda en el n\u00ba 289-290 de julio-agosto de 2023<\/p>\n<\/div>\n\n\n\n<div class=\"wp-block-column is-layout-flow wp-block-column-is-layout-flow\" style=\"flex-basis:66.66%\">\n<figure class=\"wp-block-gallery has-nested-images columns-default is-cropped wp-block-gallery-8 is-layout-flex wp-block-gallery-is-layout-flex\">\n<figure class=\"wp-block-image size-full\"><a href=\"https:\/\/aga-polaris.es\/wp-content\/uploads\/2024\/07\/CGTrevinca-scaled.jpg\"><img loading=\"lazy\" decoding=\"async\" width=\"2560\" height=\"1707\" data-id=\"61\" src=\"https:\/\/aga-polaris.es\/wp-content\/uploads\/2024\/07\/CGTrevinca-scaled.jpg\" alt=\"\" class=\"wp-image-61\" srcset=\"https:\/\/aga-polaris.es\/wp-content\/uploads\/2024\/07\/CGTrevinca-scaled.jpg 2560w, https:\/\/aga-polaris.es\/wp-content\/uploads\/2024\/07\/CGTrevinca-300x200.jpg 300w, https:\/\/aga-polaris.es\/wp-content\/uploads\/2024\/07\/CGTrevinca-1024x683.jpg 1024w, https:\/\/aga-polaris.es\/wp-content\/uploads\/2024\/07\/CGTrevinca-768x512.jpg 768w, https:\/\/aga-polaris.es\/wp-content\/uploads\/2024\/07\/CGTrevinca-1536x1024.jpg 1536w, https:\/\/aga-polaris.es\/wp-content\/uploads\/2024\/07\/CGTrevinca-2048x1365.jpg 2048w\" sizes=\"auto, (max-width: 2560px) 100vw, 2560px\" \/><\/a><figcaption class=\"wp-element-caption\">Centro Gal\u00e1ctico por @labrega-cosmica<\/figcaption><\/figure>\n<\/figure>\n<\/div>\n<\/div>\n\n\n\n<p><\/p>\n","protected":false},"excerpt":{"rendered":"<p>Las fotograf\u00edas que encontrar\u00e1s aqu\u00ed han sido reconocidas con un APOD (Astronomy Picture of the Day), un reconocimiento que celebra las mejores im\u00e1genes astron\u00f3micas compartidas cada d\u00eda en distintas plataformas o premiadas en concursos y selecciones de organismos astron\u00f3micos de todo el mundo.Tener un APOD significa que una imagen ha destacado entre miles por su [&hellip;]<\/p>\n","protected":false},"author":2,"featured_media":0,"parent":0,"menu_order":0,"comment_status":"closed","ping_status":"closed","template":"single-post-right-sidebar","meta":{"footnotes":""},"class_list":["post-752","page","type-page","status-publish","hentry"],"_links":{"self":[{"href":"https:\/\/aga-polaris.es\/index.php\/wp-json\/wp\/v2\/pages\/752","targetHints":{"allow":["GET"]}}],"collection":[{"href":"https:\/\/aga-polaris.es\/index.php\/wp-json\/wp\/v2\/pages"}],"about":[{"href":"https:\/\/aga-polaris.es\/index.php\/wp-json\/wp\/v2\/types\/page"}],"author":[{"embeddable":true,"href":"https:\/\/aga-polaris.es\/index.php\/wp-json\/wp\/v2\/users\/2"}],"replies":[{"embeddable":true,"href":"https:\/\/aga-polaris.es\/index.php\/wp-json\/wp\/v2\/comments?post=752"}],"version-history":[{"count":16,"href":"https:\/\/aga-polaris.es\/index.php\/wp-json\/wp\/v2\/pages\/752\/revisions"}],"predecessor-version":[{"id":889,"href":"https:\/\/aga-polaris.es\/index.php\/wp-json\/wp\/v2\/pages\/752\/revisions\/889"}],"wp:attachment":[{"href":"https:\/\/aga-polaris.es\/index.php\/wp-json\/wp\/v2\/media?parent=752"}],"curies":[{"name":"wp","href":"https:\/\/api.w.org\/{rel}","templated":true}]}}