{"id":636,"date":"2025-11-08T22:15:07","date_gmt":"2025-11-08T22:15:07","guid":{"rendered":"https:\/\/aga-polaris.es\/?page_id=636"},"modified":"2025-11-10T22:34:51","modified_gmt":"2025-11-10T22:34:51","slug":"actividades","status":"publish","type":"page","link":"https:\/\/aga-polaris.es\/index.php\/actividades\/","title":{"rendered":"ACTIVIDADES"},"content":{"rendered":"\n<div class=\"wp-block-group has-global-padding is-layout-constrained wp-block-group-is-layout-constrained\">\n<div class=\"wp-block-columns is-layout-flex wp-container-core-columns-is-layout-28f84493 wp-block-columns-is-layout-flex\">\n<div class=\"wp-block-column is-layout-flow wp-block-column-is-layout-flow\" style=\"flex-basis:50%\">\n<figure data-wp-context=\"{&quot;imageId&quot;:&quot;69f38b6778cc6&quot;}\" data-wp-interactive=\"core\/image\" data-wp-key=\"69f38b6778cc6\" class=\"wp-block-image wp-lightbox-container\"><img loading=\"lazy\" decoding=\"async\" width=\"1024\" height=\"665\" data-wp-class--hide=\"state.isContentHidden\" data-wp-class--show=\"state.isContentVisible\" data-wp-init=\"callbacks.setButtonStyles\" data-wp-on--click=\"actions.showLightbox\" data-wp-on--load=\"callbacks.setButtonStyles\" data-wp-on-window--resize=\"callbacks.setButtonStyles\" src=\"https:\/\/aga-polaris.es\/wp-content\/uploads\/2025\/11\/Designer-6-1024x665.png\" alt=\"\" class=\"wp-image-658\" srcset=\"https:\/\/aga-polaris.es\/wp-content\/uploads\/2025\/11\/Designer-6-1024x665.png 1024w, https:\/\/aga-polaris.es\/wp-content\/uploads\/2025\/11\/Designer-6-300x195.png 300w, https:\/\/aga-polaris.es\/wp-content\/uploads\/2025\/11\/Designer-6-768x498.png 768w, https:\/\/aga-polaris.es\/wp-content\/uploads\/2025\/11\/Designer-6-1536x997.png 1536w, https:\/\/aga-polaris.es\/wp-content\/uploads\/2025\/11\/Designer-6.png 2048w\" sizes=\"auto, (max-width: 1024px) 100vw, 1024px\" \/><button\n\t\t\tclass=\"lightbox-trigger\"\n\t\t\ttype=\"button\"\n\t\t\taria-haspopup=\"dialog\"\n\t\t\taria-label=\"Agrandar\"\n\t\t\tdata-wp-init=\"callbacks.initTriggerButton\"\n\t\t\tdata-wp-on--click=\"actions.showLightbox\"\n\t\t\tdata-wp-style--right=\"state.imageButtonRight\"\n\t\t\tdata-wp-style--top=\"state.imageButtonTop\"\n\t\t>\n\t\t\t<svg xmlns=\"http:\/\/www.w3.org\/2000\/svg\" width=\"12\" height=\"12\" fill=\"none\" viewBox=\"0 0 12 12\">\n\t\t\t\t<path fill=\"#fff\" d=\"M2 0a2 2 0 0 0-2 2v2h1.5V2a.5.5 0 0 1 .5-.5h2V0H2Zm2 10.5H2a.5.5 0 0 1-.5-.5V8H0v2a2 2 0 0 0 2 2h2v-1.5ZM8 12v-1.5h2a.5.5 0 0 0 .5-.5V8H12v2a2 2 0 0 1-2 2H8Zm2-12a2 2 0 0 1 2 2v2h-1.5V2a.5.5 0 0 0-.5-.5H8V0h2Z\" \/>\n\t\t\t<\/svg>\n\t\t<\/button><\/figure>\n<\/div>\n\n\n\n<div class=\"wp-block-column is-layout-flow wp-block-column-is-layout-flow\" style=\"flex-basis:50%\">\n<p class=\"has-white-color has-text-color has-link-color wp-elements-985ac79481b2dba96c6f74af7ce2ee10\">OBRADOIRO DE EDICION DE IMAXES DE CEO PROFUNDO CON PHOTOSHOP<\/p>\n\n\n\n<p class=\"has-white-color has-text-color has-link-color wp-elements-24f6039e0a2224aa6f47d140142cb4c4\">&nbsp;Curso de edici\u00f3n de imaxes de ceo profundo en Photoshop<\/p>\n\n\n\n<p class=\"has-white-color has-text-color has-link-color wp-elements-bcd47967aab9701aa03eb55f550ef070\">Tes xa as t\u00faas capturas listas pero non acabas de sacarlles todo o seu potencial?<br>Neste obradoiro aprender\u00e1s a converter as t\u00faas fotos en aut\u00e9nticas xoias do ceo nocturno.<\/p>\n\n\n\n<p class=\"has-white-color has-text-color has-link-color wp-elements-d193a265b817a96a8420c179ec29c2be\">&nbsp;Contidos do curso:<\/p>\n\n\n\n<p class=\"has-white-color has-text-color has-link-color wp-elements-9e34b468a4e1e5c7e299876d56816df2\">&nbsp;Organizaci\u00f3n das imaxes en grupos para traballar con m\u00e1is fluidez.<\/p>\n\n\n\n<p class=\"has-white-color has-text-color has-link-color wp-elements-a6785999db615936b5152a288e6e02aa\">&nbsp;Coloreado e axustes independentes de cada canle.<\/p>\n\n\n\n<p class=\"has-white-color has-text-color has-link-color wp-elements-d64acc61115077f95c6d99a14ab7afea\">&nbsp;Aplicaci\u00f3n de nitidez selectiva segundo o canal.<\/p>\n\n\n\n<p class=\"has-white-color has-text-color has-link-color wp-elements-f787d7bd2f9193fd42062a79d45c8b12\">&nbsp;Reduci\u00f3n de estrelas sen perder detalle.<\/p>\n\n\n\n<p class=\"has-white-color has-text-color has-link-color wp-elements-f193e806b0756dcfef98898d25f810ee\">&nbsp;E para rematar\u2026 procesaremos xuntos a Nebulosa do Mago, coa \u00faltima metodolox\u00eda e trucos de Toni.<\/p>\n\n\n\n<p class=\"has-white-color has-text-color has-link-color wp-elements-641f556abc71e55e87ab7ae53ed2491d\">\u00a0Data: 29\/11\/2025<\/p>\n\n\n\n<p class=\"has-white-color has-text-color has-link-color wp-elements-80e50823af744a198401abff59210407\">\u00a0Lugar: en li\u00f1a<\/p>\n\n\n\n<p class=\"has-white-color has-text-color has-link-color wp-elements-a362dca51327bc94ebe51c4f17be65da\">\u00a0Duraci\u00f3n: 2 horas aprox.<\/p>\n\n\n\n<p class=\"has-white-color has-text-color has-link-color wp-elements-9de603701f5be093b6cdb823d06a4738\">&nbsp;Nivel: Intermedio \u2013 perfecto se xa fas as t\u00faas propias imaxes e queres dar un salto de calidade no procesado.<\/p>\n\n\n\n<p class=\"has-white-color has-text-color has-link-color wp-elements-bb6d702bf4e8ece950ccca461717e61c\">&nbsp;Prazas limitadas! Reserva a t\u00faa e d\u00e1lle maxia \u00e1s t\u00faas fotos do ceo<\/p>\n\n\n\n<p class=\"has-white-color has-text-color has-link-color wp-elements-5f7c87743f5e760eb9b2bf9d69e329cc\">Precio socios: 30\u20ac <\/p>\n\n\n\n<p class=\"has-white-color has-text-color has-link-color wp-elements-603f9d436acc05c54c6d9157d1613dd2\">Precio non socios: 45\u20ac<\/p>\n\n\n\n<p><\/p>\n\n\n\n<p><\/p>\n<\/div>\n<\/div>\n<\/div>\n","protected":false},"excerpt":{"rendered":"<p>OBRADOIRO DE EDICION DE IMAXES DE CEO PROFUNDO CON PHOTOSHOP &nbsp;Curso de edici\u00f3n de imaxes de ceo profundo en Photoshop Tes xa as t\u00faas capturas listas pero non acabas de sacarlles todo o seu potencial?Neste obradoiro aprender\u00e1s a converter as t\u00faas fotos en aut\u00e9nticas xoias do ceo nocturno. &nbsp;Contidos do curso: &nbsp;Organizaci\u00f3n das imaxes en [&hellip;]<\/p>\n","protected":false},"author":2,"featured_media":0,"parent":0,"menu_order":0,"comment_status":"closed","ping_status":"closed","template":"","meta":{"footnotes":""},"class_list":["post-636","page","type-page","status-publish","hentry"],"_links":{"self":[{"href":"https:\/\/aga-polaris.es\/index.php\/wp-json\/wp\/v2\/pages\/636","targetHints":{"allow":["GET"]}}],"collection":[{"href":"https:\/\/aga-polaris.es\/index.php\/wp-json\/wp\/v2\/pages"}],"about":[{"href":"https:\/\/aga-polaris.es\/index.php\/wp-json\/wp\/v2\/types\/page"}],"author":[{"embeddable":true,"href":"https:\/\/aga-polaris.es\/index.php\/wp-json\/wp\/v2\/users\/2"}],"replies":[{"embeddable":true,"href":"https:\/\/aga-polaris.es\/index.php\/wp-json\/wp\/v2\/comments?post=636"}],"version-history":[{"count":3,"href":"https:\/\/aga-polaris.es\/index.php\/wp-json\/wp\/v2\/pages\/636\/revisions"}],"predecessor-version":[{"id":662,"href":"https:\/\/aga-polaris.es\/index.php\/wp-json\/wp\/v2\/pages\/636\/revisions\/662"}],"wp:attachment":[{"href":"https:\/\/aga-polaris.es\/index.php\/wp-json\/wp\/v2\/media?parent=636"}],"curies":[{"name":"wp","href":"https:\/\/api.w.org\/{rel}","templated":true}]}}